{"id":8,"date":"2022-01-17T11:13:59","date_gmt":"2022-01-17T11:13:59","guid":{"rendered":"http:\/\/web.praxiscorneliamallet.de\/?page_id=8"},"modified":"2022-07-22T09:54:56","modified_gmt":"2022-07-22T09:54:56","slug":"ueber","status":"publish","type":"page","link":"https:\/\/praxiscorneliamallet.de\/en\/ueber\/","title":{"rendered":"about me"},"content":{"rendered":"<div data-elementor-type=\"wp-page\" data-elementor-id=\"8\" class=\"elementor elementor-8\">\n\t\t\t\t\t\t\t\t\t<section class=\"elementor-section elementor-top-section elementor-element elementor-element-6324e95 elementor-section-boxed elementor-section-height-default elementor-section-height-default\" data-id=\"6324e95\" data-element_type=\"section\">\n\t\t\t\t\t\t<div class=\"elementor-container elementor-column-gap-default\">\n\t\t\t\t\t<div class=\"elementor-column elementor-col-100 elementor-top-column elementor-element elementor-element-e9a7a54\" data-id=\"e9a7a54\" data-element_type=\"column\">\n\t\t\t<div class=\"elementor-widget-wrap elementor-element-populated\">\n\t\t\t\t\t\t\t\t<div class=\"elementor-element elementor-element-a88f2fd elementor-widget elementor-widget-spacer\" data-id=\"a88f2fd\" data-element_type=\"widget\" data-widget_type=\"spacer.default\">\n\t\t\t\t<div class=\"elementor-widget-container\">\n\t\t\t<style>\/*! elementor - v3.18.0 - 20-12-2023 *\/\n.elementor-column .elementor-spacer-inner{height:var(--spacer-size)}.e-con{--container-widget-width:100%}.e-con-inner>.elementor-widget-spacer,.e-con>.elementor-widget-spacer{width:var(--container-widget-width,var(--spacer-size));--align-self:var(--container-widget-align-self,initial);--flex-shrink:0}.e-con-inner>.elementor-widget-spacer>.elementor-widget-container,.e-con>.elementor-widget-spacer>.elementor-widget-container{height:100%;width:100%}.e-con-inner>.elementor-widget-spacer>.elementor-widget-container>.elementor-spacer,.e-con>.elementor-widget-spacer>.elementor-widget-container>.elementor-spacer{height:100%}.e-con-inner>.elementor-widget-spacer>.elementor-widget-container>.elementor-spacer>.elementor-spacer-inner,.e-con>.elementor-widget-spacer>.elementor-widget-container>.elementor-spacer>.elementor-spacer-inner{height:var(--container-widget-height,var(--spacer-size))}.e-con-inner>.elementor-widget-spacer.elementor-widget-empty,.e-con>.elementor-widget-spacer.elementor-widget-empty{position:relative;min-height:22px;min-width:22px}.e-con-inner>.elementor-widget-spacer.elementor-widget-empty .elementor-widget-empty-icon,.e-con>.elementor-widget-spacer.elementor-widget-empty .elementor-widget-empty-icon{position:absolute;top:0;bottom:0;left:0;right:0;margin:auto;padding:0;width:22px;height:22px}<\/style>\t\t<div class=\"elementor-spacer\">\n\t\t\t<div class=\"elementor-spacer-inner\"><\/div>\n\t\t<\/div>\n\t\t\t\t<\/div>\n\t\t\t\t<\/div>\n\t\t\t\t\t<\/div>\n\t\t<\/div>\n\t\t\t\t\t\t\t<\/div>\n\t\t<\/section>\n\t\t\t\t<section class=\"elementor-section elementor-top-section elementor-element elementor-element-2a3d05e elementor-section-boxed elementor-section-height-default elementor-section-height-default\" data-id=\"2a3d05e\" data-element_type=\"section\">\n\t\t\t\t\t\t<div class=\"elementor-container elementor-column-gap-default\">\n\t\t\t\t\t<div class=\"elementor-column elementor-col-100 elementor-top-column elementor-element elementor-element-ee77b73\" data-id=\"ee77b73\" data-element_type=\"column\">\n\t\t\t<div class=\"elementor-widget-wrap elementor-element-populated\">\n\t\t\t\t\t\t\t\t<div class=\"elementor-element elementor-element-5e2da6d elementor-tabs-view-horizontal elementor-widget elementor-widget-tabs\" data-id=\"5e2da6d\" data-element_type=\"widget\" data-widget_type=\"tabs.default\">\n\t\t\t\t<div class=\"elementor-widget-container\">\n\t\t\t<style>\/*! elementor - v3.18.0 - 20-12-2023 *\/\n.elementor-widget-tabs.elementor-tabs-view-vertical .elementor-tabs-wrapper{width:25%;flex-shrink:0}.elementor-widget-tabs.elementor-tabs-view-vertical .elementor-tab-desktop-title.elementor-active{border-right-style:none}.elementor-widget-tabs.elementor-tabs-view-vertical .elementor-tab-desktop-title.elementor-active:after,.elementor-widget-tabs.elementor-tabs-view-vertical .elementor-tab-desktop-title.elementor-active:before{height:999em;width:0;right:0;border-right-style:solid}.elementor-widget-tabs.elementor-tabs-view-vertical .elementor-tab-desktop-title.elementor-active:before{top:0;transform:translateY(-100%)}.elementor-widget-tabs.elementor-tabs-view-vertical .elementor-tab-desktop-title.elementor-active:after{top:100%}.elementor-widget-tabs.elementor-tabs-view-horizontal .elementor-tab-desktop-title{display:table-cell}.elementor-widget-tabs.elementor-tabs-view-horizontal .elementor-tab-desktop-title.elementor-active{border-bottom-style:none}.elementor-widget-tabs.elementor-tabs-view-horizontal .elementor-tab-desktop-title.elementor-active:after,.elementor-widget-tabs.elementor-tabs-view-horizontal .elementor-tab-desktop-title.elementor-active:before{bottom:0;height:0;width:999em;border-bottom-style:solid}.elementor-widget-tabs.elementor-tabs-view-horizontal .elementor-tab-desktop-title.elementor-active:before{right:100%}.elementor-widget-tabs.elementor-tabs-view-horizontal .elementor-tab-desktop-title.elementor-active:after{left:100%}.elementor-widget-tabs .elementor-tab-content,.elementor-widget-tabs .elementor-tab-title,.elementor-widget-tabs .elementor-tab-title:after,.elementor-widget-tabs .elementor-tab-title:before,.elementor-widget-tabs .elementor-tabs-content-wrapper{border:1px #d5d8dc}.elementor-widget-tabs .elementor-tabs{text-align:left}.elementor-widget-tabs .elementor-tabs-wrapper{overflow:hidden}.elementor-widget-tabs .elementor-tab-title{cursor:pointer;outline:var(--focus-outline,none)}.elementor-widget-tabs .elementor-tab-desktop-title{position:relative;padding:20px 25px;font-weight:700;line-height:1;border:solid transparent}.elementor-widget-tabs .elementor-tab-desktop-title.elementor-active{border-color:#d5d8dc}.elementor-widget-tabs .elementor-tab-desktop-title.elementor-active:after,.elementor-widget-tabs .elementor-tab-desktop-title.elementor-active:before{display:block;content:\"\";position:absolute}.elementor-widget-tabs .elementor-tab-desktop-title:focus-visible{border:1px solid #000}.elementor-widget-tabs .elementor-tab-mobile-title{padding:10px;cursor:pointer}.elementor-widget-tabs .elementor-tab-content{padding:20px;display:none}@media (max-width:767px){.elementor-tabs .elementor-tab-content,.elementor-tabs .elementor-tab-title{border-style:solid solid none}.elementor-tabs .elementor-tabs-wrapper{display:none}.elementor-tabs .elementor-tabs-content-wrapper{border-bottom-style:solid}.elementor-tabs .elementor-tab-content{padding:10px}}@media (min-width:768px){.elementor-widget-tabs.elementor-tabs-view-vertical .elementor-tabs{display:flex}.elementor-widget-tabs.elementor-tabs-view-vertical .elementor-tabs-wrapper{flex-direction:column}.elementor-widget-tabs.elementor-tabs-view-vertical .elementor-tabs-content-wrapper{flex-grow:1;border-style:solid solid solid none}.elementor-widget-tabs.elementor-tabs-view-horizontal .elementor-tab-content{border-style:none solid solid}.elementor-widget-tabs.elementor-tabs-alignment-center .elementor-tabs-wrapper,.elementor-widget-tabs.elementor-tabs-alignment-end .elementor-tabs-wrapper,.elementor-widget-tabs.elementor-tabs-alignment-stretch .elementor-tabs-wrapper{display:flex}.elementor-widget-tabs.elementor-tabs-alignment-center .elementor-tabs-wrapper{justify-content:center}.elementor-widget-tabs.elementor-tabs-alignment-end .elementor-tabs-wrapper{justify-content:flex-end}.elementor-widget-tabs.elementor-tabs-alignment-stretch.elementor-tabs-view-horizontal .elementor-tab-title{width:100%}.elementor-widget-tabs.elementor-tabs-alignment-stretch.elementor-tabs-view-vertical .elementor-tab-title{height:100%}.elementor-tabs .elementor-tab-mobile-title{display:none}}<\/style>\t\t<div class=\"elementor-tabs\">\n\t\t\t<div class=\"elementor-tabs-wrapper\" role=\"tablist\" >\n\t\t\t\t\t\t\t\t\t<div id=\"elementor-tab-title-9871\" class=\"elementor-tab-title elementor-tab-desktop-title\" aria-selected=\"true\" data-tab=\"1\" role=\"tab\" tabindex=\"0\" aria-controls=\"elementor-tab-content-9871\" aria-expanded=\"false\">about me<\/div>\n\t\t\t\t\t\t\t\t\t<div id=\"elementor-tab-title-9872\" class=\"elementor-tab-title elementor-tab-desktop-title\" aria-selected=\"false\" data-tab=\"2\" role=\"tab\" tabindex=\"-1\" aria-controls=\"elementor-tab-content-9872\" aria-expanded=\"false\">advanced training<\/div>\n\t\t\t\t\t\t\t\t\t<div id=\"elementor-tab-title-9873\" class=\"elementor-tab-title elementor-tab-desktop-title\" aria-selected=\"false\" data-tab=\"3\" role=\"tab\" tabindex=\"-1\" aria-controls=\"elementor-tab-content-9873\" aria-expanded=\"false\">seminar and media work<\/div>\n\t\t\t\t\t\t\t<\/div>\n\t\t\t<div class=\"elementor-tabs-content-wrapper\" role=\"tablist\" aria-orientation=\"vertical\">\n\t\t\t\t\t\t\t\t\t<div class=\"elementor-tab-title elementor-tab-mobile-title\" aria-selected=\"true\" data-tab=\"1\" role=\"tab\" tabindex=\"0\" aria-controls=\"elementor-tab-content-9871\" aria-expanded=\"false\">about me<\/div>\n\t\t\t\t\t<div id=\"elementor-tab-content-9871\" class=\"elementor-tab-content elementor-clearfix\" data-tab=\"1\" role=\"tabpanel\" aria-labelledby=\"elementor-tab-title-9871\" tabindex=\"0\" hidden=\"false\"><p>1989 \u2013 1992 <img fetchpriority=\"high\" decoding=\"async\" class=\"size-full wp-image-682 alignright\" src=\"http:\/\/praxiscorneliamallet.de\/wp-content\/uploads\/2022\/07\/conny-e1645733313355.png\" alt=\"\" width=\"316\" height=\"247\" srcset=\"https:\/\/praxiscorneliamallet.de\/wp-content\/uploads\/2022\/07\/conny-e1645733313355.png 316w, https:\/\/praxiscorneliamallet.de\/wp-content\/uploads\/2022\/07\/conny-e1645733313355-300x234.png 300w, https:\/\/praxiscorneliamallet.de\/wp-content\/uploads\/2022\/07\/conny-e1645733313355-15x12.png 15w\" sizes=\"(max-width: 316px) 100vw, 316px\" \/><br \/>Training as a alternative practitioner in Munich<\/p><p>until 1992\u00a0<br \/>Nach dem Abitur Ausbildung und T\u00e4tigkeit als Stewardess\u00a0bei der Deutschen Lufthansa. Weltweiter Einsatz auf verschiedenen Langstreckenflugzeugen<\/p><p>since 1992<br \/>Working as an alternative practitioner in her own practice with a focus on classical homeopathy, Bach flower therapy and foot reflexology<\/p><p>Seit 1992\u00a0bin ich als Heilpraktikerin mit eigener Praxis im Raum Landshut und seit 2013 auch im Chiemgau t\u00e4tig.<\/p><p>Seit 1999\u00a0Dozentin f\u00fcr Hom\u00f6opathie an den Deutschen Paracelsus Schulen M\u00fcnchen, Rosenheim und Augsburg und von 2011 bis 2015 beim Heilpraktiker-Verband BDHN in M\u00fcnchen.\u00a0<\/p><\/div>\n\t\t\t\t\t\t\t\t\t<div class=\"elementor-tab-title elementor-tab-mobile-title\" aria-selected=\"false\" data-tab=\"2\" role=\"tab\" tabindex=\"-1\" aria-controls=\"elementor-tab-content-9872\" aria-expanded=\"false\">advanced training<\/div>\n\t\t\t\t\t<div id=\"elementor-tab-content-9872\" class=\"elementor-tab-content elementor-clearfix\" data-tab=\"2\" role=\"tabpanel\" aria-labelledby=\"elementor-tab-title-9872\" tabindex=\"0\" hidden=\"hidden\"><p>1990 <br \/>Training in Bach flower therapy with Mechthild Scheffer and Helmut Wild<\/p><p>1991 &#8211; 1993 <br \/>Training in acupuncture with pulse diagnosis by Ton van der Molen, NL<\/p><p>1994 \u2013 1996 <br \/>Training in psychotherapy with PhD Rolf Grigat<\/p><p>1996 \u2013 2000 <br \/>Further training and supervision in classical homeopathy with Georgos Vithoulkas in Greece at the International Academy of Homeopathy<\/p><p>since 1995 <br \/>Homeopathy training with Alize Timmermann, NL<br \/>Dr. Rajan Sankaran, India<br \/>Henny Heudens-Mast, Belgium<br \/>Dr. Vijayakar. India<br \/>Dr. Jan Scholten, NL<br \/>Dr. Mahesh Gandhi, India<\/p><p>Specialist training at the hospital for natural healing methods in Harlaching, Munich<\/p><p>2003 <br \/>Basic Course in Dolphin Behaviour and Dolphin-Assisted Therapy at Dolphin Reef, Eilat, Israel<\/p><p>2004 <br \/>Qualified homeopath from the central register of therapists<\/p><p>2004 <br \/>Training in dream analysis with Klausbernd Vollmar<\/p><p>2006 <br \/>Whale watching and swimming with orcas, Lofoten, Norway<\/p><p>2007 <br \/>Advanced training with Dr. Rajan Sankaran and Jayesh Shah, Goa, India<\/p><\/div>\n\t\t\t\t\t\t\t\t\t<div class=\"elementor-tab-title elementor-tab-mobile-title\" aria-selected=\"false\" data-tab=\"3\" role=\"tab\" tabindex=\"-1\" aria-controls=\"elementor-tab-content-9873\" aria-expanded=\"false\">seminar and media work<\/div>\n\t\t\t\t\t<div id=\"elementor-tab-content-9873\" class=\"elementor-tab-content elementor-clearfix\" data-tab=\"3\" role=\"tabpanel\" aria-labelledby=\"elementor-tab-title-9873\" tabindex=\"0\" hidden=\"hidden\"><p class=\" translation-block\">since 1994<br>Lectures and training courses in homeopathy, Bach flower therapy and foot reflexology at adult education centers and in my own practice<\/p><p>1998 &#8211; 99 <br \/>TV appearances presenting Mineral Spa on Home Order Television<\/p><p>1999 <br \/>Lecturer in homeopathy at the Quo Vadis Seminar Center, Landshut<\/p><p>since 2001 <br \/>Lecturer in classical homeopathy at the Paracelsus School in Munich www.paracelsus.de<\/p><p>2002 <br \/>Dolphin therapy seminar in the Red Sea, Egypt<br \/>Since then several times a year dolphin swimming in Israel and Florida with accompanying seminar: \"With the energy of the dolphins to the inner quantum leap\".<\/p><p>since 2006 <br \/>Lecturer in Classical Homeopathy at the Paracelsus School in Rosenheim<\/p><p>July 2011 <br \/>Lecture at the naturopathic congress of the south BDHN in the MOC Munich: \"Homeopathy and Psyche\"<\/p><p>since 2011\u00a0<br \/>Dozentin f\u00fcr Klassische Hom\u00f6opathie beim BDHN-Heilpraktikerverband mit Einf\u00fchrungs- und\u00a0Fortbildungskursen in Klassischer Hom\u00f6opathie<\/p><p>July 2013 <br \/>Lecture at the 'Heilpraktikerkongress des S\u00fcdes' in the MOC Munich: \"Burnout, bullying, panic attacks - overcoming mental crises with homeopathy.\"<\/p><p>July 2014 <br \/>Lecture at the Central Symposium Paracelsus School Munich \"Between heaven and earth - bird remedies in homeopathy\"<\/p><\/div>\n\t\t\t\t\t\t\t<\/div>\n\t\t<\/div>\n\t\t\t\t<\/div>\n\t\t\t\t<\/div>\n\t\t\t\t\t<\/div>\n\t\t<\/div>\n\t\t\t\t\t\t\t<\/div>\n\t\t<\/section>\n\t\t\t\t\t\t\t<\/div>","protected":false},"excerpt":{"rendered":"<p>\u00dcber mich Fortbildungen Seminar &#038; Medienarbeit \u00dcber mich 1989 \u2013 1992 Ausbildung zur Heilpraktikerin in M\u00fcnchen Bis 1992\u00a0Nach dem Abitur Ausbildung und T\u00e4tigkeit als Stewardess\u00a0bei der Deutschen Lufthansa. Weltweiter Einsatz auf verschiedenen Langstreckenflugzeugen seit 1992als Heilpraktikerin t\u00e4tig in eigener Praxis mit den Schwerpunkten\u00a0Klassische Hom\u00f6opathie,\u00a0Bachbl\u00fctentherapie und\u00a0Fu\u00dfreflexzonentherapie Seit 1992\u00a0bin ich als Heilpraktikerin mit eigener Praxis im Raum<a href=\"https:\/\/praxiscorneliamallet.de\/en\/ueber\/\" class=\"\" rel=\"bookmark\">Read More &raquo;<span class=\"screen-reader-text\">about me<\/span><\/a><\/p>","protected":false},"author":1,"featured_media":0,"parent":0,"menu_order":0,"comment_status":"closed","ping_status":"closed","template":"page-templates\/template-pagebuilder-full-width.php","meta":{"neve_meta_sidebar":"","neve_meta_container":"","neve_meta_enable_content_width":"on","neve_meta_content_width":100,"neve_meta_title_alignment":"","neve_meta_author_avatar":"","neve_post_elements_order":"","neve_meta_disable_header":"","neve_meta_disable_footer":"","neve_meta_disable_title":"on","footnotes":""},"class_list":["post-8","page","type-page","status-publish","hentry"],"_links":{"self":[{"href":"https:\/\/praxiscorneliamallet.de\/en\/wp-json\/wp\/v2\/pages\/8","targetHints":{"allow":["GET"]}}],"collection":[{"href":"https:\/\/praxiscorneliamallet.de\/en\/wp-json\/wp\/v2\/pages"}],"about":[{"href":"https:\/\/praxiscorneliamallet.de\/en\/wp-json\/wp\/v2\/types\/page"}],"author":[{"embeddable":true,"href":"https:\/\/praxiscorneliamallet.de\/en\/wp-json\/wp\/v2\/users\/1"}],"replies":[{"embeddable":true,"href":"https:\/\/praxiscorneliamallet.de\/en\/wp-json\/wp\/v2\/comments?post=8"}],"version-history":[{"count":59,"href":"https:\/\/praxiscorneliamallet.de\/en\/wp-json\/wp\/v2\/pages\/8\/revisions"}],"predecessor-version":[{"id":692,"href":"https:\/\/praxiscorneliamallet.de\/en\/wp-json\/wp\/v2\/pages\/8\/revisions\/692"}],"wp:attachment":[{"href":"https:\/\/praxiscorneliamallet.de\/en\/wp-json\/wp\/v2\/media?parent=8"}],"curies":[{"name":"wp","href":"https:\/\/api.w.org\/{rel}","templated":true}]}}