{"id":63,"date":"2022-01-17T12:03:31","date_gmt":"2022-01-17T12:03:31","guid":{"rendered":"http:\/\/web.praxiscorneliamallet.de\/?page_id=63"},"modified":"2022-01-30T09:20:02","modified_gmt":"2022-01-30T09:20:02","slug":"seminare","status":"publish","type":"page","link":"https:\/\/praxiscorneliamallet.de\/en\/seminare\/","title":{"rendered":"seminars"},"content":{"rendered":"<div data-elementor-type=\"wp-page\" data-elementor-id=\"63\" class=\"elementor elementor-63\">\n\t\t\t\t\t\t\t\t\t<section class=\"elementor-section elementor-top-section elementor-element elementor-element-cb3f994 elementor-section-boxed elementor-section-height-default elementor-section-height-default\" data-id=\"cb3f994\" data-element_type=\"section\">\n\t\t\t\t\t\t<div class=\"elementor-container elementor-column-gap-default\">\n\t\t\t\t\t<div class=\"elementor-column elementor-col-100 elementor-top-column elementor-element elementor-element-e925447\" data-id=\"e925447\" data-element_type=\"column\">\n\t\t\t<div class=\"elementor-widget-wrap elementor-element-populated\">\n\t\t\t\t\t\t\t\t<div class=\"elementor-element elementor-element-33378b3 elementor-widget elementor-widget-spacer\" data-id=\"33378b3\" data-element_type=\"widget\" data-widget_type=\"spacer.default\">\n\t\t\t\t<div class=\"elementor-widget-container\">\n\t\t\t<style>\/*! elementor - v3.18.0 - 20-12-2023 *\/\n.elementor-column .elementor-spacer-inner{height:var(--spacer-size)}.e-con{--container-widget-width:100%}.e-con-inner>.elementor-widget-spacer,.e-con>.elementor-widget-spacer{width:var(--container-widget-width,var(--spacer-size));--align-self:var(--container-widget-align-self,initial);--flex-shrink:0}.e-con-inner>.elementor-widget-spacer>.elementor-widget-container,.e-con>.elementor-widget-spacer>.elementor-widget-container{height:100%;width:100%}.e-con-inner>.elementor-widget-spacer>.elementor-widget-container>.elementor-spacer,.e-con>.elementor-widget-spacer>.elementor-widget-container>.elementor-spacer{height:100%}.e-con-inner>.elementor-widget-spacer>.elementor-widget-container>.elementor-spacer>.elementor-spacer-inner,.e-con>.elementor-widget-spacer>.elementor-widget-container>.elementor-spacer>.elementor-spacer-inner{height:var(--container-widget-height,var(--spacer-size))}.e-con-inner>.elementor-widget-spacer.elementor-widget-empty,.e-con>.elementor-widget-spacer.elementor-widget-empty{position:relative;min-height:22px;min-width:22px}.e-con-inner>.elementor-widget-spacer.elementor-widget-empty .elementor-widget-empty-icon,.e-con>.elementor-widget-spacer.elementor-widget-empty .elementor-widget-empty-icon{position:absolute;top:0;bottom:0;left:0;right:0;margin:auto;padding:0;width:22px;height:22px}<\/style>\t\t<div class=\"elementor-spacer\">\n\t\t\t<div class=\"elementor-spacer-inner\"><\/div>\n\t\t<\/div>\n\t\t\t\t<\/div>\n\t\t\t\t<\/div>\n\t\t\t\t\t<\/div>\n\t\t<\/div>\n\t\t\t\t\t\t\t<\/div>\n\t\t<\/section>\n\t\t\t\t<section class=\"elementor-section elementor-top-section elementor-element elementor-element-f1b1fa5 elementor-section-boxed elementor-section-height-default elementor-section-height-default\" data-id=\"f1b1fa5\" data-element_type=\"section\">\n\t\t\t\t\t\t<div class=\"elementor-container elementor-column-gap-default\">\n\t\t\t\t\t<div class=\"elementor-column elementor-col-100 elementor-top-column elementor-element elementor-element-a227084\" data-id=\"a227084\" data-element_type=\"column\">\n\t\t\t<div class=\"elementor-widget-wrap elementor-element-populated\">\n\t\t\t\t\t\t\t\t<div class=\"elementor-element elementor-element-e5f8db0 elementor-widget elementor-widget-droit-tab\" data-id=\"e5f8db0\" data-element_type=\"widget\" data-widget_type=\"droit-tab.default\">\n\t\t\t\t<div class=\"elementor-widget-container\">\n\t\t\t                    <div id=\"droit-advance-tabs-e5f8db0\" class=\"droit-advance-tabs dl_tab_container dl_style_01\" data-tabid=\"e5f8db0\">\r\n            <div class=\"droit-tabs-nav droit-advance-tabs-navs\">\r\n                <ul class=\"dl_tab_menu droit-advance-navs\">\r\n                                            <li id=\"droit-tab-title-24111\" class=\"dl_tab_menu_item droit-tab-nav-items dl_inactive\" data-tab=\"1\" >\r\n                         \r\n                                                                                        <img decoding=\"async\" src=\"http:\/\/web.praxiscorneliamallet.de\/wp-content\/uploads\/2022\/01\/homoopathie-ge5f807d5c_1280.jpg\" alt=\"\">\r\n                            \r\n                                                                            <span class=\"droit-tab-title\">Homeopathic emergency pharmacy<\/span><span class=\"border-style\"><\/span><\/li>\r\n                                    <\/ul>\r\n            <\/div>\r\n            \r\n            <div class=\"tab_container droit-tab-content-wrapper\">\r\n                                <div class=\"dl_tab_content_wrapper dl_inactive\">\r\n                    \r\n                                            <span >\r\n                            <h5 class=\"dl_title droit-tab-title\">Homeopathic emergency pharmacy<\/h5>\r\n                    <\/span>\r\n                                                                <div class=\"dl_desc droit-tab-text\">\r\n                            <p>Patients, mainly the parents of the \"little patient\", are always unsettled when an acute illness such as an earache, diarrhea, fever, etc. occurs in the evening, on a Sunday or on a holiday. The question arises what to do in this case from a homeopathic point of view.<\/p><p><strong>The seminar focuses on:<\/strong><\/p><p>\u2022 Questions about repeating the remedy in acute cases. How often do patients forget after a year of homeopathic treatment that in an acute case they could simply repeat their homeopathic remedy in order to increase their vitality and thus stabilize their self-healing powers?!<\/p><p>\u2022 Which potency to choose?<\/p><p>\u2022 What do I do if I have a slight fever, cold, gastrointestinal complaints, insect bites, burns, minor injuries<\/p><p>\u2022 What to do in case of a tick bite?<\/p><p>\u2022 How to deal with vaccinations?<\/p><p>\u2022 Answering general questions.<\/p><p>Whether at home or even when travelling, it is advisable to have a selection of homeopathic medicines on hand. The most important homeopathic remedies that you can use in an emergency will be taught on this day.<br \/>This seminar will be a helpful support for you in small, everyday emergency situations.<\/p><p>The seminar lasts 6 hours and, in addition to \"Homeopathic help in emergencies\", includes an introduction to classical homeopathy as a basis for a better understanding of this healing method.<\/p>       \r\n                        <\/div>\r\n                                                            <\/div>\r\n                            <\/div>\r\n        <\/div>\r\n            \t\t<\/div>\n\t\t\t\t<\/div>\n\t\t\t\t\t<\/div>\n\t\t<\/div>\n\t\t\t\t\t\t\t<\/div>\n\t\t<\/section>\n\t\t\t\t\t\t\t<\/div>","protected":false},"excerpt":{"rendered":"<p>Hom\u00f6opathische Notfallapotheke Hom\u00f6opathische Notfallapotheke Immer wieder sind Patienten verunsichert, haupts\u00e4chlich die Eltern des \u201ekleinen Patienten\u201c,\u00a0wenn es am Abend, Sonn- oder Feiertag, zu einer akuten Erkrankung wie z.B.\u00a0Ohrenschmerzen, Durchfall, Fieber etc. kommt. Es stellt sich die Frage was aus\u00a0hom\u00f6opathischer Sicht in diesem Fall zu tun ist. Schwerpunkte des Seminars sind: \u2022 Fragen zur Wiederholung des Mittels<a href=\"https:\/\/praxiscorneliamallet.de\/en\/seminare\/\" class=\"\" rel=\"bookmark\">Read More &raquo;<span class=\"screen-reader-text\">seminars<\/span><\/a><\/p>","protected":false},"author":1,"featured_media":0,"parent":0,"menu_order":0,"comment_status":"closed","ping_status":"closed","template":"page-templates\/template-pagebuilder-full-width.php","meta":{"neve_meta_sidebar":"","neve_meta_container":"","neve_meta_enable_content_width":"","neve_meta_content_width":0,"neve_meta_title_alignment":"","neve_meta_author_avatar":"","neve_post_elements_order":"","neve_meta_disable_header":"","neve_meta_disable_footer":"","neve_meta_disable_title":"","footnotes":""},"class_list":["post-63","page","type-page","status-publish","hentry"],"_links":{"self":[{"href":"https:\/\/praxiscorneliamallet.de\/en\/wp-json\/wp\/v2\/pages\/63","targetHints":{"allow":["GET"]}}],"collection":[{"href":"https:\/\/praxiscorneliamallet.de\/en\/wp-json\/wp\/v2\/pages"}],"about":[{"href":"https:\/\/praxiscorneliamallet.de\/en\/wp-json\/wp\/v2\/types\/page"}],"author":[{"embeddable":true,"href":"https:\/\/praxiscorneliamallet.de\/en\/wp-json\/wp\/v2\/users\/1"}],"replies":[{"embeddable":true,"href":"https:\/\/praxiscorneliamallet.de\/en\/wp-json\/wp\/v2\/comments?post=63"}],"version-history":[{"count":46,"href":"https:\/\/praxiscorneliamallet.de\/en\/wp-json\/wp\/v2\/pages\/63\/revisions"}],"predecessor-version":[{"id":363,"href":"https:\/\/praxiscorneliamallet.de\/en\/wp-json\/wp\/v2\/pages\/63\/revisions\/363"}],"wp:attachment":[{"href":"https:\/\/praxiscorneliamallet.de\/en\/wp-json\/wp\/v2\/media?parent=63"}],"curies":[{"name":"wp","href":"https:\/\/api.w.org\/{rel}","templated":true}]}}