{"id":287,"date":"2022-01-26T19:00:51","date_gmt":"2022-01-26T19:00:51","guid":{"rendered":"http:\/\/web.praxiscorneliamallet.de\/?page_id=287"},"modified":"2022-01-30T09:44:47","modified_gmt":"2022-01-30T09:44:47","slug":"zeckenbiss","status":"publish","type":"page","link":"https:\/\/praxiscorneliamallet.de\/en\/zeckenbiss\/","title":{"rendered":"tick bite"},"content":{"rendered":"<div data-elementor-type=\"wp-page\" data-elementor-id=\"287\" class=\"elementor elementor-287\">\n\t\t\t\t\t\t\t\t\t<section class=\"elementor-section elementor-top-section elementor-element elementor-element-dc902d0 elementor-section-boxed elementor-section-height-default elementor-section-height-default\" data-id=\"dc902d0\" data-element_type=\"section\">\n\t\t\t\t\t\t<div class=\"elementor-container elementor-column-gap-default\">\n\t\t\t\t\t<div class=\"elementor-column elementor-col-100 elementor-top-column elementor-element elementor-element-e19e3cd\" data-id=\"e19e3cd\" data-element_type=\"column\">\n\t\t\t<div class=\"elementor-widget-wrap elementor-element-populated\">\n\t\t\t\t\t\t\t\t<div class=\"elementor-element elementor-element-4509802 elementor-widget elementor-widget-spacer\" data-id=\"4509802\" data-element_type=\"widget\" data-widget_type=\"spacer.default\">\n\t\t\t\t<div class=\"elementor-widget-container\">\n\t\t\t<style>\/*! elementor - v3.18.0 - 20-12-2023 *\/\n.elementor-column .elementor-spacer-inner{height:var(--spacer-size)}.e-con{--container-widget-width:100%}.e-con-inner>.elementor-widget-spacer,.e-con>.elementor-widget-spacer{width:var(--container-widget-width,var(--spacer-size));--align-self:var(--container-widget-align-self,initial);--flex-shrink:0}.e-con-inner>.elementor-widget-spacer>.elementor-widget-container,.e-con>.elementor-widget-spacer>.elementor-widget-container{height:100%;width:100%}.e-con-inner>.elementor-widget-spacer>.elementor-widget-container>.elementor-spacer,.e-con>.elementor-widget-spacer>.elementor-widget-container>.elementor-spacer{height:100%}.e-con-inner>.elementor-widget-spacer>.elementor-widget-container>.elementor-spacer>.elementor-spacer-inner,.e-con>.elementor-widget-spacer>.elementor-widget-container>.elementor-spacer>.elementor-spacer-inner{height:var(--container-widget-height,var(--spacer-size))}.e-con-inner>.elementor-widget-spacer.elementor-widget-empty,.e-con>.elementor-widget-spacer.elementor-widget-empty{position:relative;min-height:22px;min-width:22px}.e-con-inner>.elementor-widget-spacer.elementor-widget-empty .elementor-widget-empty-icon,.e-con>.elementor-widget-spacer.elementor-widget-empty .elementor-widget-empty-icon{position:absolute;top:0;bottom:0;left:0;right:0;margin:auto;padding:0;width:22px;height:22px}<\/style>\t\t<div class=\"elementor-spacer\">\n\t\t\t<div class=\"elementor-spacer-inner\"><\/div>\n\t\t<\/div>\n\t\t\t\t<\/div>\n\t\t\t\t<\/div>\n\t\t\t\t<div class=\"elementor-element elementor-element-eb79a61 elementor-widget elementor-widget-heading\" data-id=\"eb79a61\" data-element_type=\"widget\" data-widget_type=\"heading.default\">\n\t\t\t\t<div class=\"elementor-widget-container\">\n\t\t\t<style>\/*! elementor - v3.18.0 - 20-12-2023 *\/\n.elementor-heading-title{padding:0;margin:0;line-height:1}.elementor-widget-heading .elementor-heading-title[class*=elementor-size-]>a{color:inherit;font-size:inherit;line-height:inherit}.elementor-widget-heading .elementor-heading-title.elementor-size-small{font-size:15px}.elementor-widget-heading .elementor-heading-title.elementor-size-medium{font-size:19px}.elementor-widget-heading .elementor-heading-title.elementor-size-large{font-size:29px}.elementor-widget-heading .elementor-heading-title.elementor-size-xl{font-size:39px}.elementor-widget-heading .elementor-heading-title.elementor-size-xxl{font-size:59px}<\/style><h3 class=\"elementor-heading-title elementor-size-default\">tick bite<\/h3>\t\t<\/div>\n\t\t\t\t<\/div>\n\t\t\t\t<section class=\"elementor-section elementor-inner-section elementor-element elementor-element-d3af5f0 elementor-section-boxed elementor-section-height-default elementor-section-height-default\" data-id=\"d3af5f0\" data-element_type=\"section\">\n\t\t\t\t\t\t<div class=\"elementor-container elementor-column-gap-default\">\n\t\t\t\t\t<div class=\"elementor-column elementor-col-100 elementor-inner-column elementor-element elementor-element-6222ed9\" data-id=\"6222ed9\" data-element_type=\"column\">\n\t\t\t<div class=\"elementor-widget-wrap elementor-element-populated\">\n\t\t\t\t\t\t\t\t<div class=\"elementor-element elementor-element-5a73b32 elementor-widget elementor-widget-text-editor\" data-id=\"5a73b32\" data-element_type=\"widget\" data-widget_type=\"text-editor.default\">\n\t\t\t\t<div class=\"elementor-widget-container\">\n\t\t\t<style>\/*! elementor - v3.18.0 - 20-12-2023 *\/\n.elementor-widget-text-editor.elementor-drop-cap-view-stacked .elementor-drop-cap{background-color:#69727d;color:#fff}.elementor-widget-text-editor.elementor-drop-cap-view-framed .elementor-drop-cap{color:#69727d;border:3px solid;background-color:transparent}.elementor-widget-text-editor:not(.elementor-drop-cap-view-default) .elementor-drop-cap{margin-top:8px}.elementor-widget-text-editor:not(.elementor-drop-cap-view-default) .elementor-drop-cap-letter{width:1em;height:1em}.elementor-widget-text-editor .elementor-drop-cap{float:left;text-align:center;line-height:1;font-size:50px}.elementor-widget-text-editor .elementor-drop-cap-letter{display:inline-block}<\/style>\t\t\t\t<p><img fetchpriority=\"high\" decoding=\"async\" class=\"size-medium wp-image-364 alignright\" src=\"http:\/\/web.praxiscorneliamallet.de\/wp-content\/uploads\/2022\/01\/ixodes-ricinus-g8c3faabde_640-300x200.jpg\" alt=\"\" width=\"300\" height=\"200\" srcset=\"https:\/\/praxiscorneliamallet.de\/wp-content\/uploads\/2022\/01\/ixodes-ricinus-g8c3faabde_640-300x200.jpg 300w, https:\/\/praxiscorneliamallet.de\/wp-content\/uploads\/2022\/01\/ixodes-ricinus-g8c3faabde_640-18x12.jpg 18w, https:\/\/praxiscorneliamallet.de\/wp-content\/uploads\/2022\/01\/ixodes-ricinus-g8c3faabde_640.jpg 640w\" sizes=\"(max-width: 300px) 100vw, 300px\" \/>The best prophylaxis for a stable immune system is homeopathic constitutional treatment.<\/p><p class=\" translation-block\">On the day of the tick bite and the two following days, take 1 teaspoon each from a solution of 2 globules Ledum C 30. (Dissolve 2 globules Ledum C 30 in a glass of water and stir with a plastic spoon)<\/p><p class=\" translation-block\">On the 6th and 12th day after the sting, one teaspoon each from a solution of 2 granules of Aurum arsenicosum C 200. A single dose is sufficient for children.<\/p>\t\t\t\t\t\t<\/div>\n\t\t\t\t<\/div>\n\t\t\t\t\t<\/div>\n\t\t<\/div>\n\t\t\t\t\t\t\t<\/div>\n\t\t<\/section>\n\t\t\t\t\t<\/div>\n\t\t<\/div>\n\t\t\t\t\t\t\t<\/div>\n\t\t<\/section>\n\t\t\t\t\t\t\t<\/div>","protected":false},"excerpt":{"rendered":"<p>Zeckenbiss Die beste Prophylaxe f\u00fcr ein stabiles Immunsystem ist die hom\u00f6opathische Konstitutionsbehandlung. Am Tag des Zeckenstiches und den beiden Folgetagen je 1 Teel\u00f6ffel aus einer Aufl\u00f6sung von 2 Globuli Ledum C 30.\u00a0(2 Globuli Ledum C 30 in einem Glas Wasser aufl\u00f6sen und mit einem Plastikl\u00f6ffel verr\u00fchren) Am 6. und am 12.Tag nach dem Stich je<a href=\"https:\/\/praxiscorneliamallet.de\/en\/zeckenbiss\/\" class=\"\" rel=\"bookmark\">Read More &raquo;<span class=\"screen-reader-text\">tick bite<\/span><\/a><\/p>","protected":false},"author":1,"featured_media":0,"parent":0,"menu_order":0,"comment_status":"closed","ping_status":"closed","template":"page-templates\/template-pagebuilder-full-width.php","meta":{"neve_meta_sidebar":"","neve_meta_container":"","neve_meta_enable_content_width":"","neve_meta_content_width":0,"neve_meta_title_alignment":"","neve_meta_author_avatar":"","neve_post_elements_order":"","neve_meta_disable_header":"","neve_meta_disable_footer":"","neve_meta_disable_title":"","footnotes":""},"class_list":["post-287","page","type-page","status-publish","hentry"],"_links":{"self":[{"href":"https:\/\/praxiscorneliamallet.de\/en\/wp-json\/wp\/v2\/pages\/287","targetHints":{"allow":["GET"]}}],"collection":[{"href":"https:\/\/praxiscorneliamallet.de\/en\/wp-json\/wp\/v2\/pages"}],"about":[{"href":"https:\/\/praxiscorneliamallet.de\/en\/wp-json\/wp\/v2\/types\/page"}],"author":[{"embeddable":true,"href":"https:\/\/praxiscorneliamallet.de\/en\/wp-json\/wp\/v2\/users\/1"}],"replies":[{"embeddable":true,"href":"https:\/\/praxiscorneliamallet.de\/en\/wp-json\/wp\/v2\/comments?post=287"}],"version-history":[{"count":16,"href":"https:\/\/praxiscorneliamallet.de\/en\/wp-json\/wp\/v2\/pages\/287\/revisions"}],"predecessor-version":[{"id":397,"href":"https:\/\/praxiscorneliamallet.de\/en\/wp-json\/wp\/v2\/pages\/287\/revisions\/397"}],"wp:attachment":[{"href":"https:\/\/praxiscorneliamallet.de\/en\/wp-json\/wp\/v2\/media?parent=287"}],"curies":[{"name":"wp","href":"https:\/\/api.w.org\/{rel}","templated":true}]}}