{"id":282,"date":"2022-01-26T18:59:25","date_gmt":"2022-01-26T18:59:25","guid":{"rendered":"http:\/\/web.praxiscorneliamallet.de\/?page_id=282"},"modified":"2022-01-30T09:45:21","modified_gmt":"2022-01-30T09:45:21","slug":"flugangst","status":"publish","type":"page","link":"https:\/\/praxiscorneliamallet.de\/en\/flugangst\/","title":{"rendered":"fear of flying"},"content":{"rendered":"<div data-elementor-type=\"wp-page\" data-elementor-id=\"282\" class=\"elementor elementor-282\">\n\t\t\t\t\t\t\t\t\t<section class=\"elementor-section elementor-top-section elementor-element elementor-element-0155144 elementor-section-boxed elementor-section-height-default elementor-section-height-default\" data-id=\"0155144\" data-element_type=\"section\">\n\t\t\t\t\t\t<div class=\"elementor-container elementor-column-gap-default\">\n\t\t\t\t\t<div class=\"elementor-column elementor-col-100 elementor-top-column elementor-element elementor-element-7f4ac40\" data-id=\"7f4ac40\" data-element_type=\"column\">\n\t\t\t<div class=\"elementor-widget-wrap elementor-element-populated\">\n\t\t\t\t\t\t\t\t<section class=\"elementor-section elementor-inner-section elementor-element elementor-element-5869027 elementor-section-boxed elementor-section-height-default elementor-section-height-default\" data-id=\"5869027\" data-element_type=\"section\">\n\t\t\t\t\t\t<div class=\"elementor-container elementor-column-gap-default\">\n\t\t\t\t\t<div class=\"elementor-column elementor-col-100 elementor-inner-column elementor-element elementor-element-e4abec5\" data-id=\"e4abec5\" data-element_type=\"column\">\n\t\t\t<div class=\"elementor-widget-wrap elementor-element-populated\">\n\t\t\t\t\t\t\t\t<div class=\"elementor-element elementor-element-e324726 elementor-widget elementor-widget-spacer\" data-id=\"e324726\" data-element_type=\"widget\" data-widget_type=\"spacer.default\">\n\t\t\t\t<div class=\"elementor-widget-container\">\n\t\t\t<style>\/*! elementor - v3.18.0 - 20-12-2023 *\/\n.elementor-column .elementor-spacer-inner{height:var(--spacer-size)}.e-con{--container-widget-width:100%}.e-con-inner>.elementor-widget-spacer,.e-con>.elementor-widget-spacer{width:var(--container-widget-width,var(--spacer-size));--align-self:var(--container-widget-align-self,initial);--flex-shrink:0}.e-con-inner>.elementor-widget-spacer>.elementor-widget-container,.e-con>.elementor-widget-spacer>.elementor-widget-container{height:100%;width:100%}.e-con-inner>.elementor-widget-spacer>.elementor-widget-container>.elementor-spacer,.e-con>.elementor-widget-spacer>.elementor-widget-container>.elementor-spacer{height:100%}.e-con-inner>.elementor-widget-spacer>.elementor-widget-container>.elementor-spacer>.elementor-spacer-inner,.e-con>.elementor-widget-spacer>.elementor-widget-container>.elementor-spacer>.elementor-spacer-inner{height:var(--container-widget-height,var(--spacer-size))}.e-con-inner>.elementor-widget-spacer.elementor-widget-empty,.e-con>.elementor-widget-spacer.elementor-widget-empty{position:relative;min-height:22px;min-width:22px}.e-con-inner>.elementor-widget-spacer.elementor-widget-empty .elementor-widget-empty-icon,.e-con>.elementor-widget-spacer.elementor-widget-empty .elementor-widget-empty-icon{position:absolute;top:0;bottom:0;left:0;right:0;margin:auto;padding:0;width:22px;height:22px}<\/style>\t\t<div class=\"elementor-spacer\">\n\t\t\t<div class=\"elementor-spacer-inner\"><\/div>\n\t\t<\/div>\n\t\t\t\t<\/div>\n\t\t\t\t<\/div>\n\t\t\t\t<div class=\"elementor-element elementor-element-8c1f877 elementor-widget elementor-widget-heading\" data-id=\"8c1f877\" data-element_type=\"widget\" data-widget_type=\"heading.default\">\n\t\t\t\t<div class=\"elementor-widget-container\">\n\t\t\t<style>\/*! elementor - v3.18.0 - 20-12-2023 *\/\n.elementor-heading-title{padding:0;margin:0;line-height:1}.elementor-widget-heading .elementor-heading-title[class*=elementor-size-]>a{color:inherit;font-size:inherit;line-height:inherit}.elementor-widget-heading .elementor-heading-title.elementor-size-small{font-size:15px}.elementor-widget-heading .elementor-heading-title.elementor-size-medium{font-size:19px}.elementor-widget-heading .elementor-heading-title.elementor-size-large{font-size:29px}.elementor-widget-heading .elementor-heading-title.elementor-size-xl{font-size:39px}.elementor-widget-heading .elementor-heading-title.elementor-size-xxl{font-size:59px}<\/style><h3 class=\"elementor-heading-title elementor-size-default\">fear of flying<\/h3>\t\t<\/div>\n\t\t\t\t<\/div>\n\t\t\t\t<div class=\"elementor-element elementor-element-a99b60a elementor-widget elementor-widget-text-editor\" data-id=\"a99b60a\" data-element_type=\"widget\" data-widget_type=\"text-editor.default\">\n\t\t\t\t<div class=\"elementor-widget-container\">\n\t\t\t<style>\/*! elementor - v3.18.0 - 20-12-2023 *\/\n.elementor-widget-text-editor.elementor-drop-cap-view-stacked .elementor-drop-cap{background-color:#69727d;color:#fff}.elementor-widget-text-editor.elementor-drop-cap-view-framed .elementor-drop-cap{color:#69727d;border:3px solid;background-color:transparent}.elementor-widget-text-editor:not(.elementor-drop-cap-view-default) .elementor-drop-cap{margin-top:8px}.elementor-widget-text-editor:not(.elementor-drop-cap-view-default) .elementor-drop-cap-letter{width:1em;height:1em}.elementor-widget-text-editor .elementor-drop-cap{float:left;text-align:center;line-height:1;font-size:50px}.elementor-widget-text-editor .elementor-drop-cap-letter{display:inline-block}<\/style>\t\t\t\t<p class=\" translation-block\">You can find out more about fear of flying at www.flugangst.de. This website of Deutsche Lufthansa provides detailed information on the subject of fear of flying.<\/p>\n<p>&nbsp;Seen holistically, fear of flying or other fears are blockages that are deeply hidden in the subconscious. Due to a traumatic experience that the affected person does not necessarily have to remember, the psyche develops fear behavior - often as a protection or defense mechanism.<\/p>\n<p>From a homeopathic point of view, illness or fear is a disturbance of the vital force. This life force can be undisturbed by similar homeopathic information. (See Law of Similars \u2013 Similia similibus curantur \u2013 on the homeopathy page of my website.<\/p>\n<p class=\" translation-block\">This means that the patient with fear of flying receives his individual homeopathic constitutional remedy that is similar to the symptoms in addition to the symptoms of his illness, in this case his fear of flying, so that his fear is eliminated down to the deepest layers of his roots.<\/p>\n<p>To record this constitutional remedy, the homeopath needs a 2-3 hour anamnesis interview and a time of analysis and evaluation.<\/p>\n<p>For more non-binding information, you are welcome to consult my homepage, where you can find explanations of the laws in homeopathy. Or you can call me to make an appointment to determine your personal constitutional remedy as part of a chargeable anamnesis interview.&nbsp;<\/p>\t\t\t\t\t\t<\/div>\n\t\t\t\t<\/div>\n\t\t\t\t\t<\/div>\n\t\t<\/div>\n\t\t\t\t\t\t\t<\/div>\n\t\t<\/section>\n\t\t\t\t\t<\/div>\n\t\t<\/div>\n\t\t\t\t\t\t\t<\/div>\n\t\t<\/section>\n\t\t\t\t\t\t\t<\/div>","protected":false},"excerpt":{"rendered":"<p>Flugangst \u00dcber Flugangst k\u00f6nnen Sie sich ausf\u00fchrlich informieren unter www.flugangst.de. Diese Website der Deutschen Lufthansa informiert auf dieser Seite ausf\u00fchrlich \u00fcber das Thema Flugangst. &nbsp;Ganzheitlich gesehen steht Flugangst, oder auch andere \u00c4ngste f\u00fcr Blockaden, die tief verborgen im Unbewussten vorhanden sind. Aufgrund eines traumatischen Erlebnisses, an das sich der Betroffene nicht unbedingt erinnern muss, entwickelt<a href=\"https:\/\/praxiscorneliamallet.de\/en\/flugangst\/\" class=\"\" rel=\"bookmark\">Read More &raquo;<span class=\"screen-reader-text\">fear of flying<\/span><\/a><\/p>","protected":false},"author":1,"featured_media":0,"parent":0,"menu_order":0,"comment_status":"closed","ping_status":"closed","template":"page-templates\/template-pagebuilder-full-width.php","meta":{"neve_meta_sidebar":"","neve_meta_container":"","neve_meta_enable_content_width":"","neve_meta_content_width":0,"neve_meta_title_alignment":"","neve_meta_author_avatar":"","neve_post_elements_order":"","neve_meta_disable_header":"","neve_meta_disable_footer":"","neve_meta_disable_title":"","footnotes":""},"class_list":["post-282","page","type-page","status-publish","hentry"],"_links":{"self":[{"href":"https:\/\/praxiscorneliamallet.de\/en\/wp-json\/wp\/v2\/pages\/282","targetHints":{"allow":["GET"]}}],"collection":[{"href":"https:\/\/praxiscorneliamallet.de\/en\/wp-json\/wp\/v2\/pages"}],"about":[{"href":"https:\/\/praxiscorneliamallet.de\/en\/wp-json\/wp\/v2\/types\/page"}],"author":[{"embeddable":true,"href":"https:\/\/praxiscorneliamallet.de\/en\/wp-json\/wp\/v2\/users\/1"}],"replies":[{"embeddable":true,"href":"https:\/\/praxiscorneliamallet.de\/en\/wp-json\/wp\/v2\/comments?post=282"}],"version-history":[{"count":13,"href":"https:\/\/praxiscorneliamallet.de\/en\/wp-json\/wp\/v2\/pages\/282\/revisions"}],"predecessor-version":[{"id":400,"href":"https:\/\/praxiscorneliamallet.de\/en\/wp-json\/wp\/v2\/pages\/282\/revisions\/400"}],"wp:attachment":[{"href":"https:\/\/praxiscorneliamallet.de\/en\/wp-json\/wp\/v2\/media?parent=282"}],"curies":[{"name":"wp","href":"https:\/\/api.w.org\/{rel}","templated":true}]}}