{"id":277,"date":"2022-01-26T18:57:46","date_gmt":"2022-01-26T18:57:46","guid":{"rendered":"http:\/\/web.praxiscorneliamallet.de\/?page_id=277"},"modified":"2022-09-18T17:51:48","modified_gmt":"2022-09-18T17:51:48","slug":"homoeopathische-schmerztherapie","status":"publish","type":"page","link":"https:\/\/praxiscorneliamallet.de\/en\/homoeopathische-schmerztherapie\/","title":{"rendered":"Homeopathic pain therapy"},"content":{"rendered":"<div data-elementor-type=\"wp-page\" data-elementor-id=\"277\" class=\"elementor elementor-277\">\n\t\t\t\t\t\t\t\t\t<section class=\"elementor-section elementor-top-section elementor-element elementor-element-427c409 elementor-section-boxed elementor-section-height-default elementor-section-height-default\" data-id=\"427c409\" data-element_type=\"section\">\n\t\t\t\t\t\t<div class=\"elementor-container elementor-column-gap-default\">\n\t\t\t\t\t<div class=\"elementor-column elementor-col-100 elementor-top-column elementor-element elementor-element-85c03f1\" data-id=\"85c03f1\" data-element_type=\"column\">\n\t\t\t<div class=\"elementor-widget-wrap elementor-element-populated\">\n\t\t\t\t\t\t\t\t<div class=\"elementor-element elementor-element-f5e0d49 elementor-widget elementor-widget-spacer\" data-id=\"f5e0d49\" data-element_type=\"widget\" data-widget_type=\"spacer.default\">\n\t\t\t\t<div class=\"elementor-widget-container\">\n\t\t\t<style>\/*! elementor - v3.18.0 - 20-12-2023 *\/\n.elementor-column .elementor-spacer-inner{height:var(--spacer-size)}.e-con{--container-widget-width:100%}.e-con-inner>.elementor-widget-spacer,.e-con>.elementor-widget-spacer{width:var(--container-widget-width,var(--spacer-size));--align-self:var(--container-widget-align-self,initial);--flex-shrink:0}.e-con-inner>.elementor-widget-spacer>.elementor-widget-container,.e-con>.elementor-widget-spacer>.elementor-widget-container{height:100%;width:100%}.e-con-inner>.elementor-widget-spacer>.elementor-widget-container>.elementor-spacer,.e-con>.elementor-widget-spacer>.elementor-widget-container>.elementor-spacer{height:100%}.e-con-inner>.elementor-widget-spacer>.elementor-widget-container>.elementor-spacer>.elementor-spacer-inner,.e-con>.elementor-widget-spacer>.elementor-widget-container>.elementor-spacer>.elementor-spacer-inner{height:var(--container-widget-height,var(--spacer-size))}.e-con-inner>.elementor-widget-spacer.elementor-widget-empty,.e-con>.elementor-widget-spacer.elementor-widget-empty{position:relative;min-height:22px;min-width:22px}.e-con-inner>.elementor-widget-spacer.elementor-widget-empty .elementor-widget-empty-icon,.e-con>.elementor-widget-spacer.elementor-widget-empty .elementor-widget-empty-icon{position:absolute;top:0;bottom:0;left:0;right:0;margin:auto;padding:0;width:22px;height:22px}<\/style>\t\t<div class=\"elementor-spacer\">\n\t\t\t<div class=\"elementor-spacer-inner\"><\/div>\n\t\t<\/div>\n\t\t\t\t<\/div>\n\t\t\t\t<\/div>\n\t\t\t\t\t<\/div>\n\t\t<\/div>\n\t\t\t\t\t\t\t<\/div>\n\t\t<\/section>\n\t\t\t\t<section class=\"elementor-section elementor-top-section elementor-element elementor-element-496652a elementor-section-boxed elementor-section-height-default elementor-section-height-default\" data-id=\"496652a\" data-element_type=\"section\">\n\t\t\t\t\t\t<div class=\"elementor-container elementor-column-gap-default\">\n\t\t\t\t\t<div class=\"elementor-column elementor-col-100 elementor-top-column elementor-element elementor-element-509ddfc\" data-id=\"509ddfc\" data-element_type=\"column\">\n\t\t\t<div class=\"elementor-widget-wrap elementor-element-populated\">\n\t\t\t\t\t\t\t\t<section class=\"elementor-section elementor-inner-section elementor-element elementor-element-333b840 elementor-section-boxed elementor-section-height-default elementor-section-height-default\" data-id=\"333b840\" data-element_type=\"section\">\n\t\t\t\t\t\t<div class=\"elementor-container elementor-column-gap-default\">\n\t\t\t\t\t<div class=\"elementor-column elementor-col-100 elementor-inner-column elementor-element elementor-element-7544899\" data-id=\"7544899\" data-element_type=\"column\">\n\t\t\t<div class=\"elementor-widget-wrap elementor-element-populated\">\n\t\t\t\t\t\t\t\t<div class=\"elementor-element elementor-element-7dc4159 elementor-widget elementor-widget-heading\" data-id=\"7dc4159\" data-element_type=\"widget\" data-widget_type=\"heading.default\">\n\t\t\t\t<div class=\"elementor-widget-container\">\n\t\t\t<style>\/*! elementor - v3.18.0 - 20-12-2023 *\/\n.elementor-heading-title{padding:0;margin:0;line-height:1}.elementor-widget-heading .elementor-heading-title[class*=elementor-size-]>a{color:inherit;font-size:inherit;line-height:inherit}.elementor-widget-heading .elementor-heading-title.elementor-size-small{font-size:15px}.elementor-widget-heading .elementor-heading-title.elementor-size-medium{font-size:19px}.elementor-widget-heading .elementor-heading-title.elementor-size-large{font-size:29px}.elementor-widget-heading .elementor-heading-title.elementor-size-xl{font-size:39px}.elementor-widget-heading .elementor-heading-title.elementor-size-xxl{font-size:59px}<\/style><h3 class=\"elementor-heading-title elementor-size-default\">Acute homeopathic pain therapy<\/h3>\t\t<\/div>\n\t\t\t\t<\/div>\n\t\t\t\t<div class=\"elementor-element elementor-element-894b52f elementor-widget elementor-widget-text-editor\" data-id=\"894b52f\" data-element_type=\"widget\" data-widget_type=\"text-editor.default\">\n\t\t\t\t<div class=\"elementor-widget-container\">\n\t\t\t<style>\/*! elementor - v3.18.0 - 20-12-2023 *\/\n.elementor-widget-text-editor.elementor-drop-cap-view-stacked .elementor-drop-cap{background-color:#69727d;color:#fff}.elementor-widget-text-editor.elementor-drop-cap-view-framed .elementor-drop-cap{color:#69727d;border:3px solid;background-color:transparent}.elementor-widget-text-editor:not(.elementor-drop-cap-view-default) .elementor-drop-cap{margin-top:8px}.elementor-widget-text-editor:not(.elementor-drop-cap-view-default) .elementor-drop-cap-letter{width:1em;height:1em}.elementor-widget-text-editor .elementor-drop-cap{float:left;text-align:center;line-height:1;font-size:50px}.elementor-widget-text-editor .elementor-drop-cap-letter{display:inline-block}<\/style>\t\t\t\t<p>\u00a0<\/p><p>A Guide to Homeopathic Prescribing for Pain and Acute Disorders.<img fetchpriority=\"high\" decoding=\"async\" class=\"wp-image-707 alignright\" src=\"http:\/\/praxiscorneliamallet.de\/wp-content\/uploads\/2022\/09\/41qd3sYenDL._SX344_BO1204203200_-2.jpg\" alt=\"\" width=\"253\" height=\"365\" srcset=\"https:\/\/praxiscorneliamallet.de\/wp-content\/uploads\/2022\/09\/41qd3sYenDL._SX344_BO1204203200_-2.jpg 346w, https:\/\/praxiscorneliamallet.de\/wp-content\/uploads\/2022\/09\/41qd3sYenDL._SX344_BO1204203200_-2-208x300.jpg 208w, https:\/\/praxiscorneliamallet.de\/wp-content\/uploads\/2022\/09\/41qd3sYenDL._SX344_BO1204203200_-2-8x12.jpg 8w\" sizes=\"(max-width: 253px) 100vw, 253px\" \/><\/p><p class=\" translation-block\">It is possible to successfully treat pain and acute illnesses with classical homeopathy. This book is mainly a reference work for numerous pain and emergencies and their homeopathic therapy. In her book, the experienced non-medical practitioner and classic homeopath Cornelia Mallet describes emergencies such as strokes, pain from various injuries and colic, and even acute shock therapy.\nFor each indication, the corresponding homeopathic remedies are mentioned and also described in detail. This work encourages the use of homeopathy in severe pain and emergencies.<\/p><p>Cornelia Mallet is a student of Georgos Vithoulkas, Jan Scholten, Rajan Sankaran and other great homeopaths. She has been running a successful practice for classical homeopathy in Landshut and in Chiemgau since 1992.<\/p><p>Akute hom\u00f6opathische Schmerztherapie: Ein Leitfaden f\u00fcr hom\u00f6opathische Praktiker \u2192\u00a0<a href=\"https:\/\/www.amazon.de\/dp\/3944013530\/ref=cm_sw_em_r_mt_dp_F604EZFGSVYJPA4DSSVW\">Das Buch auf amazon.de<\/a>\u00a0\u00a0<\/p>\t\t\t\t\t\t<\/div>\n\t\t\t\t<\/div>\n\t\t\t\t<div class=\"elementor-element elementor-element-df7ca8e elementor-widget elementor-widget-heading\" data-id=\"df7ca8e\" data-element_type=\"widget\" data-widget_type=\"heading.default\">\n\t\t\t\t<div class=\"elementor-widget-container\">\n\t\t\t<h4 class=\"elementor-heading-title elementor-size-default\">Homeopathic pain therapy<\/h4>\t\t<\/div>\n\t\t\t\t<\/div>\n\t\t\t\t<div class=\"elementor-element elementor-element-eccd791 elementor-widget elementor-widget-text-editor\" data-id=\"eccd791\" data-element_type=\"widget\" data-widget_type=\"text-editor.default\">\n\t\t\t\t<div class=\"elementor-widget-container\">\n\t\t\t\t\t\t\t<p>It is possible to relieve pain with homeopathic remedies. I impart knowledge about homeopathic painkillers in a two-day seminar.<\/p><p>It is primarily about physical pain, which of course inevitably affects the emotions and psyche of the patient. When the physical pain is relieved, the patient's psyche is usually better as well.<\/p><p>Every injury and every pain is associated with a shock or a shock-like state, whereby the sensitive balance, the homeostasis, is disturbed. This takes place first on a biochemical level, where enzymes, catalysts, neurotransmitters or hormones try to get back into balance. Even introducing foreign proteins (vaccinations, insect bites, bacterial toxins and decay products) disturbs this sensitive balance and weakens the immunity, even triggering a physical illness up to an emotional illness.<\/p>\t\t\t\t\t\t<\/div>\n\t\t\t\t<\/div>\n\t\t\t\t<div class=\"elementor-element elementor-element-fc6f288 elementor-button-info elementor-widget elementor-widget-button\" data-id=\"fc6f288\" data-element_type=\"widget\" data-widget_type=\"button.default\">\n\t\t\t\t<div class=\"elementor-widget-container\">\n\t\t\t\t\t<div class=\"elementor-button-wrapper\">\n\t\t\t<a class=\"elementor-button elementor-button-link elementor-size-sm\" href=\"https:\/\/praxiscorneliamallet.de\/en\/seminare\/\">\n\t\t\t\t\t\t<span class=\"elementor-button-content-wrapper\">\n\t\t\t\t\t\t<span class=\"elementor-button-icon elementor-align-icon-left\">\n\t\t\t\t<i aria-hidden=\"true\" class=\"fas fa-chalkboard-teacher\"><\/i>\t\t\t<\/span>\n\t\t\t\t\t\t<span class=\"elementor-button-text\">To the seminar offers<\/span>\n\t\t<\/span>\n\t\t\t\t\t<\/a>\n\t\t<\/div>\n\t\t\t\t<\/div>\n\t\t\t\t<\/div>\n\t\t\t\t<div class=\"elementor-element elementor-element-acee77b elementor-widget elementor-widget-spacer\" data-id=\"acee77b\" data-element_type=\"widget\" data-widget_type=\"spacer.default\">\n\t\t\t\t<div class=\"elementor-widget-container\">\n\t\t\t\t\t<div class=\"elementor-spacer\">\n\t\t\t<div class=\"elementor-spacer-inner\"><\/div>\n\t\t<\/div>\n\t\t\t\t<\/div>\n\t\t\t\t<\/div>\n\t\t\t\t<div class=\"elementor-element elementor-element-8349db2 elementor-widget elementor-widget-heading\" data-id=\"8349db2\" data-element_type=\"widget\" data-widget_type=\"heading.default\">\n\t\t\t\t<div class=\"elementor-widget-container\">\n\t\t\t<h4 class=\"elementor-heading-title elementor-size-default\">The subject of homeopathic pain therapy is aimed at all medical professions.<\/h4>\t\t<\/div>\n\t\t\t\t<\/div>\n\t\t\t\t<div class=\"elementor-element elementor-element-6441a6b elementor-widget elementor-widget-text-editor\" data-id=\"6441a6b\" data-element_type=\"widget\" data-widget_type=\"text-editor.default\">\n\t\t\t\t<div class=\"elementor-widget-container\">\n\t\t\t\t\t\t\t<p>Not only every naturopathically experienced mother knows about the amazingly fast effect of Chamomilla, for example, when her child is crying out in pain while teething, or the excellent effect of Apis when the child has been stung by a wasp.<\/p><p>Many amazed patients to whom I advised arnica after a tooth extraction benevolently stated that they did not need painkillers and the healing process progressed rapidly. Have courage to use homeopathy for pain and emergencies.<\/p><p>In the acute case, the patient's symptoms speak and clearly indicate the acute homeopathic painkiller. In this respect, you can adopt the suggestions given in the seminar 1:1.<\/p><p>In chronic cases, however, a very precise homeopathic anamnesis is required, whereupon the homeopath prescribes the so-called \"constitutional remedy\" according to the rules and laws of classical homeopathy. This should only be reserved for the experienced homeopath.<\/p><p>When finding a remedy for chronic cases, the homeopath determines exactly the dynamics of the patient during an anamnesis of at least 2 hours, which then leads him to the simile (the similar remedy), which reaches the disease in depth, i.e. at the root, and dissolves it can.<\/p><p>In chronic cases the homeopath does not work symptomatically. That would be a suppressive measure and does not correspond to a holistic healing.<\/p><p>While with an acute prescription the homeopathic pain reliever can work within seconds, at both low and high potencies, with a chronic prescription the homeopathic remedy can take effect within days and weeks, even months.<\/p><p>Here we limit ourselves to acute cases of pain and not to the treatment of chronic pathologies. It is not intended that a patient has chronic headaches and the user is continually treating with acute headache remedies.<\/p><p>For acute pain caused by an accident, injury, surgical intervention, etc. the patient's symptoms change, whereupon the user then treats acutely. In these cases, the acute symptoms take over the entire dynamic of the patient, so that the patient must first be strengthened by the acute homeopathic remedy.<\/p><p>Samuel Hahnemann, the founder of homeopathy, himself, in \u00a767, Organon, advocates palliation in emergencies. In this respect, you make no mistake in treating acute cases as acute.<\/p>\t\t\t\t\t\t<\/div>\n\t\t\t\t<\/div>\n\t\t\t\t\t<\/div>\n\t\t<\/div>\n\t\t\t\t\t\t\t<\/div>\n\t\t<\/section>\n\t\t\t\t\t<\/div>\n\t\t<\/div>\n\t\t\t\t\t\t\t<\/div>\n\t\t<\/section>\n\t\t\t\t<section class=\"elementor-section elementor-top-section elementor-element elementor-element-a46408e elementor-section-boxed elementor-section-height-default elementor-section-height-default\" data-id=\"a46408e\" data-element_type=\"section\">\n\t\t\t\t\t\t<div class=\"elementor-container elementor-column-gap-default\">\n\t\t\t\t\t<div class=\"elementor-column elementor-col-100 elementor-top-column elementor-element elementor-element-0375baf\" data-id=\"0375baf\" data-element_type=\"column\">\n\t\t\t<div class=\"elementor-widget-wrap elementor-element-populated\">\n\t\t\t\t\t\t\t\t<section class=\"elementor-section elementor-inner-section elementor-element elementor-element-ed17050 elementor-section-boxed elementor-section-height-default elementor-section-height-default\" data-id=\"ed17050\" data-element_type=\"section\">\n\t\t\t\t\t\t<div class=\"elementor-container elementor-column-gap-default\">\n\t\t\t\t\t<div class=\"elementor-column elementor-col-50 elementor-inner-column elementor-element elementor-element-6ecc052\" data-id=\"6ecc052\" data-element_type=\"column\">\n\t\t\t<div class=\"elementor-widget-wrap\">\n\t\t\t\t\t\t\t\t\t<\/div>\n\t\t<\/div>\n\t\t\t\t<div class=\"elementor-column elementor-col-50 elementor-inner-column elementor-element elementor-element-001e202\" data-id=\"001e202\" data-element_type=\"column\">\n\t\t\t<div class=\"elementor-widget-wrap\">\n\t\t\t\t\t\t\t\t\t<\/div>\n\t\t<\/div>\n\t\t\t\t\t\t\t<\/div>\n\t\t<\/section>\n\t\t\t\t\t<\/div>\n\t\t<\/div>\n\t\t\t\t\t\t\t<\/div>\n\t\t<\/section>\n\t\t\t\t\t\t\t<\/div>","protected":false},"excerpt":{"rendered":"<p>Akute hom\u00f6opathische Schmerztherapie \u00a0 Ein Leitfaden f\u00fcr die hom\u00f6opathische Verschreibung bei Schmerzen und akuten Erkrankungen. Es ist machbar, Schmerzen und akute Erkrankungen erfolgreich mit der klassischen Hom\u00f6opathie zu behandeln.\u00a0Dieses Buch ist haupts\u00e4chlich ein Nachschlagewerk f\u00fcr zahlreiche Schmerz- und Notf\u00e4lle und ihre hom\u00f6opathische Therapie. Die erfahrene Heilpraktikerin und klassische Hom\u00f6opathin Cornelia Mallet beschreibt in ihrem Buch<a href=\"https:\/\/praxiscorneliamallet.de\/en\/homoeopathische-schmerztherapie\/\" class=\"\" rel=\"bookmark\">Read More &raquo;<span class=\"screen-reader-text\">Homeopathic pain therapy<\/span><\/a><\/p>","protected":false},"author":1,"featured_media":0,"parent":0,"menu_order":0,"comment_status":"closed","ping_status":"closed","template":"page-templates\/template-pagebuilder-full-width.php","meta":{"neve_meta_sidebar":"","neve_meta_container":"","neve_meta_enable_content_width":"","neve_meta_content_width":0,"neve_meta_title_alignment":"","neve_meta_author_avatar":"","neve_post_elements_order":"","neve_meta_disable_header":"","neve_meta_disable_footer":"","neve_meta_disable_title":"","footnotes":""},"class_list":["post-277","page","type-page","status-publish","hentry"],"_links":{"self":[{"href":"https:\/\/praxiscorneliamallet.de\/en\/wp-json\/wp\/v2\/pages\/277","targetHints":{"allow":["GET"]}}],"collection":[{"href":"https:\/\/praxiscorneliamallet.de\/en\/wp-json\/wp\/v2\/pages"}],"about":[{"href":"https:\/\/praxiscorneliamallet.de\/en\/wp-json\/wp\/v2\/types\/page"}],"author":[{"embeddable":true,"href":"https:\/\/praxiscorneliamallet.de\/en\/wp-json\/wp\/v2\/users\/1"}],"replies":[{"embeddable":true,"href":"https:\/\/praxiscorneliamallet.de\/en\/wp-json\/wp\/v2\/comments?post=277"}],"version-history":[{"count":34,"href":"https:\/\/praxiscorneliamallet.de\/en\/wp-json\/wp\/v2\/pages\/277\/revisions"}],"predecessor-version":[{"id":711,"href":"https:\/\/praxiscorneliamallet.de\/en\/wp-json\/wp\/v2\/pages\/277\/revisions\/711"}],"wp:attachment":[{"href":"https:\/\/praxiscorneliamallet.de\/en\/wp-json\/wp\/v2\/media?parent=277"}],"curies":[{"name":"wp","href":"https:\/\/api.w.org\/{rel}","templated":true}]}}