{"id":225,"date":"2022-01-19T14:10:06","date_gmt":"2022-01-19T14:10:06","guid":{"rendered":"http:\/\/web.praxiscorneliamallet.de\/?page_id=225"},"modified":"2022-02-24T21:49:05","modified_gmt":"2022-02-24T21:49:05","slug":"home","status":"publish","type":"page","link":"https:\/\/praxiscorneliamallet.de\/en\/","title":{"rendered":"Home"},"content":{"rendered":"<div data-elementor-type=\"wp-page\" data-elementor-id=\"225\" class=\"elementor elementor-225\">\n\t\t\t\t\t\t\t\t\t<section class=\"elementor-section elementor-top-section elementor-element elementor-element-6a8c7bb5 elementor-section-full_width elementor-section-height-default elementor-section-height-default\" data-id=\"6a8c7bb5\" data-element_type=\"section\" data-settings=\"{&quot;background_background&quot;:&quot;classic&quot;}\">\n\t\t\t\t\t\t<div class=\"elementor-container elementor-column-gap-default\">\n\t\t\t\t\t\t\t\t<\/div>\n\t\t<\/section>\n\t\t\t\t<section class=\"elementor-section elementor-top-section elementor-element elementor-element-79327243 elementor-section-full_width elementor-section-height-default elementor-section-height-default\" data-id=\"79327243\" data-element_type=\"section\" data-settings=\"{&quot;background_background&quot;:&quot;classic&quot;}\">\n\t\t\t\t\t\t<div class=\"elementor-container elementor-column-gap-default\">\n\t\t\t\t\t\t\t\t<\/div>\n\t\t<\/section>\n\t\t\t\t<section class=\"elementor-section elementor-top-section elementor-element elementor-element-466fd75b elementor-section-full_width elementor-section-height-default elementor-section-height-default\" data-id=\"466fd75b\" data-element_type=\"section\" data-settings=\"{&quot;background_background&quot;:&quot;classic&quot;}\">\n\t\t\t\t\t\t<div class=\"elementor-container elementor-column-gap-default\">\n\t\t\t\t\t\t\t\t<\/div>\n\t\t<\/section>\n\t\t\t\t<section class=\"elementor-section elementor-top-section elementor-element elementor-element-24dcd3f3 elementor-section-full_width elementor-section-height-default elementor-section-height-default\" data-id=\"24dcd3f3\" data-element_type=\"section\" data-settings=\"{&quot;background_background&quot;:&quot;classic&quot;}\">\n\t\t\t\t\t\t<div class=\"elementor-container elementor-column-gap-default\">\n\t\t\t\t\t\t\t\t<\/div>\n\t\t<\/section>\n\t\t\t\t<section class=\"elementor-section elementor-top-section elementor-element elementor-element-745def2e elementor-section-full_width elementor-section-height-default elementor-section-height-default\" data-id=\"745def2e\" data-element_type=\"section\" data-settings=\"{&quot;background_background&quot;:&quot;classic&quot;}\">\n\t\t\t\t\t\t<div class=\"elementor-container elementor-column-gap-default\">\n\t\t\t\t\t\t\t\t<\/div>\n\t\t<\/section>\n\t\t\t\t<section class=\"elementor-section elementor-top-section elementor-element elementor-element-56c8ffe5 elementor-section-full_width elementor-section-height-default elementor-section-height-default\" data-id=\"56c8ffe5\" data-element_type=\"section\" data-settings=\"{&quot;background_background&quot;:&quot;classic&quot;}\">\n\t\t\t\t\t\t<div class=\"elementor-container elementor-column-gap-default\">\n\t\t\t\t\t\t\t\t<\/div>\n\t\t<\/section>\n\t\t\t\t<section class=\"elementor-section elementor-top-section elementor-element elementor-element-6de695f elementor-section-boxed elementor-section-height-default elementor-section-height-default\" data-id=\"6de695f\" data-element_type=\"section\" data-settings=\"{&quot;background_background&quot;:&quot;classic&quot;}\">\n\t\t\t\t\t\t<div class=\"elementor-container elementor-column-gap-default\">\n\t\t\t\t\t<div class=\"elementor-column elementor-col-100 elementor-top-column elementor-element elementor-element-312ace08\" data-id=\"312ace08\" data-element_type=\"column\">\n\t\t\t<div class=\"elementor-widget-wrap elementor-element-populated\">\n\t\t\t\t\t\t\t\t<div class=\"elementor-element elementor-element-c53e7c7 elementor-widget elementor-widget-qi_addons_for_elementor_testimonials_list\" data-id=\"c53e7c7\" data-element_type=\"widget\" data-widget_type=\"qi_addons_for_elementor_testimonials_list.default\">\n\t\t\t\t<div class=\"elementor-widget-container\">\n\t\t\t<div class=\"qodef-shortcode qodef-m  qodef-qi-testimonials-list qodef-qi-grid qodef-layout--qi-columns  qodef-col-num--1  qodef-item-layout--info-below qodef-responsive--predefined\">\n\t<div class=\"qodef-grid-inner\">\n\t\t<div class=\"qodef-e qodef-grid-item elementor-repeater-item-3e28568\">\n\t<div class=\"qodef-e-inner\">\n\t\t<div class=\"qodef-e-content\">\n\t\t\t\t<div class=\"qodef-e-quote\">\n\t\t<svg class=\"qodef-e-quote-icon\" xmlns=\"http:\/\/www.w3.org\/2000\/svg\" xmlns:xlink=\"http:\/\/www.w3.org\/1999\/xlink\" x=\"0px\" y=\"0px\" viewbox=\"0 0 190.5 148\" xml:space=\"preserve\"><g><path d=\"M37.7,146.3L2.1,124.6C19.3,100,28.2,74.1,28.8,46.7V2.3H90v38.8c0,19.3-5,38.8-15.1,58.4C64.9,119,52.5,134.6,37.7,146.3z M133.7,146.3l-35.6-21.7c17.2-24.5,26.2-50.5,26.8-77.9V2.3h61.2v38.8c0,19.3-5,38.8-15.1,58.4C160.9,119,148.5,134.6,133.7,146.3z\"\/><\/g><\/svg>\t<\/div>\n\t\t\t\t\t\t\t\t<h3 itemprop=\"description\" class=\"qodef-e-text\">The highest ideal of healing is a quick, gentle, permanent restoration of health, or the removal and annihilation of the disease in its entirety in the shortest, most reliable, least harmful way, for clearly understandable reasons.<\/h3>\n\t\t\t\t\t\t\t<div class=\"qodef-e-author\">\n\t\t<h6 class=\"qodef-e-author-name\">Dr. Samuel Hahnemann<\/h6>\n\t\t\t\t\t<span class=\"qodef-e-author-job\">Organon of the Healing Art<\/span>\n\t\t\t<\/div>\n\t\t<\/div>\n\t<\/div>\n<\/div>\n\t<\/div>\n<\/div>\n\t\t<\/div>\n\t\t\t\t<\/div>\n\t\t\t\t<div class=\"elementor-element elementor-element-af5accd elementor-widget elementor-widget-spacer\" data-id=\"af5accd\" data-element_type=\"widget\" data-widget_type=\"spacer.default\">\n\t\t\t\t<div class=\"elementor-widget-container\">\n\t\t\t<style>\/*! elementor - v3.18.0 - 20-12-2023 *\/\n.elementor-column .elementor-spacer-inner{height:var(--spacer-size)}.e-con{--container-widget-width:100%}.e-con-inner>.elementor-widget-spacer,.e-con>.elementor-widget-spacer{width:var(--container-widget-width,var(--spacer-size));--align-self:var(--container-widget-align-self,initial);--flex-shrink:0}.e-con-inner>.elementor-widget-spacer>.elementor-widget-container,.e-con>.elementor-widget-spacer>.elementor-widget-container{height:100%;width:100%}.e-con-inner>.elementor-widget-spacer>.elementor-widget-container>.elementor-spacer,.e-con>.elementor-widget-spacer>.elementor-widget-container>.elementor-spacer{height:100%}.e-con-inner>.elementor-widget-spacer>.elementor-widget-container>.elementor-spacer>.elementor-spacer-inner,.e-con>.elementor-widget-spacer>.elementor-widget-container>.elementor-spacer>.elementor-spacer-inner{height:var(--container-widget-height,var(--spacer-size))}.e-con-inner>.elementor-widget-spacer.elementor-widget-empty,.e-con>.elementor-widget-spacer.elementor-widget-empty{position:relative;min-height:22px;min-width:22px}.e-con-inner>.elementor-widget-spacer.elementor-widget-empty .elementor-widget-empty-icon,.e-con>.elementor-widget-spacer.elementor-widget-empty .elementor-widget-empty-icon{position:absolute;top:0;bottom:0;left:0;right:0;margin:auto;padding:0;width:22px;height:22px}<\/style>\t\t<div class=\"elementor-spacer\">\n\t\t\t<div class=\"elementor-spacer-inner\"><\/div>\n\t\t<\/div>\n\t\t\t\t<\/div>\n\t\t\t\t<\/div>\n\t\t\t\t<section class=\"elementor-section elementor-inner-section elementor-element elementor-element-4aadf3ef elementor-section-boxed elementor-section-height-default elementor-section-height-default\" data-id=\"4aadf3ef\" data-element_type=\"section\">\n\t\t\t\t\t\t<div class=\"elementor-container elementor-column-gap-default\">\n\t\t\t\t\t<div class=\"elementor-column elementor-col-33 elementor-inner-column elementor-element elementor-element-64a862f7\" data-id=\"64a862f7\" data-element_type=\"column\">\n\t\t\t<div class=\"elementor-widget-wrap\">\n\t\t\t\t\t\t\t\t\t<\/div>\n\t\t<\/div>\n\t\t\t\t<div class=\"elementor-column elementor-col-33 elementor-inner-column elementor-element elementor-element-456459da\" data-id=\"456459da\" data-element_type=\"column\">\n\t\t\t<div class=\"elementor-widget-wrap elementor-element-populated\">\n\t\t\t\t\t\t\t\t<div class=\"elementor-element elementor-element-38d43582 elementor-widget elementor-widget-droit-team\" data-id=\"38d43582\" data-element_type=\"widget\" data-widget_type=\"droit-team.default\">\n\t\t\t\t<div class=\"elementor-widget-container\">\n\t\t\t           <div id=\"droit-team-9534\" class=\"dl_team_member_wrapper dl_style_3 droit-team-member-wrapper\">\r\n                <div id=\"droit-thumb-9534\" class=\"dl_team_member_thumb droit-team-member-thumb-wrapper\">\r\n                                            <a href=\"\"  target=\"_blank\" class=\"dl_team_member_thumb_inner dl_team_member_thumb_second\">\r\n                            <div class=\"dl_thumbnail_fluid\"> \r\n                                <img fetchpriority=\"high\" decoding=\"async\" width=\"316\" height=\"247\" src=\"https:\/\/praxiscorneliamallet.de\/wp-content\/uploads\/2022\/01\/conny-e1645733313355.png\" class=\"attachment-full size-full wp-image-147\" alt=\"\" srcset=\"https:\/\/praxiscorneliamallet.de\/wp-content\/uploads\/2022\/01\/conny-e1645733313355.png 316w, https:\/\/praxiscorneliamallet.de\/wp-content\/uploads\/2022\/01\/conny-e1645733313355-300x234.png 300w, https:\/\/praxiscorneliamallet.de\/wp-content\/uploads\/2022\/01\/conny-e1645733313355-15x12.png 15w\" sizes=\"(max-width: 316px) 100vw, 316px\" \/>                            <\/div>\r\n                        <\/a>\r\n                                    <\/div>\r\n                <div class=\"dl_team_content_inner droit-team-member-inner\">\r\n                    <h4 class=\"dl_name droit-team-member-name\"> <a href=\"\"  target=\"_blank\"> Cornelia Mallet<\/a><\/h4>\r\n                    <p class=\"dl_position droit-team-member-job-title\"> <span> Naturopath, Classical Homeopathy<\/span><\/p>\r\n                <\/div>\r\n            <\/div>\r\n        \t\t<\/div>\n\t\t\t\t<\/div>\n\t\t\t\t\t<\/div>\n\t\t<\/div>\n\t\t\t\t<div class=\"elementor-column elementor-col-33 elementor-inner-column elementor-element elementor-element-6a74729f\" data-id=\"6a74729f\" data-element_type=\"column\">\n\t\t\t<div class=\"elementor-widget-wrap\">\n\t\t\t\t\t\t\t\t\t<\/div>\n\t\t<\/div>\n\t\t\t\t\t\t\t<\/div>\n\t\t<\/section>\n\t\t\t\t\t<\/div>\n\t\t<\/div>\n\t\t\t\t\t\t\t<\/div>\n\t\t<\/section>\n\t\t\t\t\t\t\t<\/div>","protected":false},"excerpt":{"rendered":"<p>Das h\u00f6chste Ideal der Heilung ist schnelle, sanfte, dauerhafte Wiederherstellung der Gesundheit, oder Hebung und Vernichtung der Krankheit in ihrem ganzen Umfange auf dem k\u00fcrzesten, zuverl\u00e4ssigsten, unnachtheiligsten Wege, nach deutlich einzusehenden Gr\u00fcnden. Dr. Samuel Hahnemann Organon der Heilkunst Cornelia Mallet Heilpraktikerin, Klassische Hom\u00f6opathie<\/p>","protected":false},"author":1,"featured_media":0,"parent":0,"menu_order":0,"comment_status":"closed","ping_status":"closed","template":"elementor_header_footer","meta":{"neve_meta_sidebar":"","neve_meta_container":"","neve_meta_enable_content_width":"","neve_meta_content_width":0,"neve_meta_title_alignment":"","neve_meta_author_avatar":"","neve_post_elements_order":"","neve_meta_disable_header":"","neve_meta_disable_footer":"","neve_meta_disable_title":"","footnotes":""},"class_list":["post-225","page","type-page","status-publish","hentry"],"_links":{"self":[{"href":"https:\/\/praxiscorneliamallet.de\/en\/wp-json\/wp\/v2\/pages\/225","targetHints":{"allow":["GET"]}}],"collection":[{"href":"https:\/\/praxiscorneliamallet.de\/en\/wp-json\/wp\/v2\/pages"}],"about":[{"href":"https:\/\/praxiscorneliamallet.de\/en\/wp-json\/wp\/v2\/types\/page"}],"author":[{"embeddable":true,"href":"https:\/\/praxiscorneliamallet.de\/en\/wp-json\/wp\/v2\/users\/1"}],"replies":[{"embeddable":true,"href":"https:\/\/praxiscorneliamallet.de\/en\/wp-json\/wp\/v2\/comments?post=225"}],"version-history":[{"count":45,"href":"https:\/\/praxiscorneliamallet.de\/en\/wp-json\/wp\/v2\/pages\/225\/revisions"}],"predecessor-version":[{"id":656,"href":"https:\/\/praxiscorneliamallet.de\/en\/wp-json\/wp\/v2\/pages\/225\/revisions\/656"}],"wp:attachment":[{"href":"https:\/\/praxiscorneliamallet.de\/en\/wp-json\/wp\/v2\/media?parent=225"}],"curies":[{"name":"wp","href":"https:\/\/api.w.org\/{rel}","templated":true}]}}